{"id":6,"date":"2017-01-05T16:28:01","date_gmt":"2017-01-05T16:28:01","guid":{"rendered":"http:\/\/kaivu.fi\/?page_id=6"},"modified":"2025-09-18T11:50:46","modified_gmt":"2025-09-18T11:50:46","slug":"etusivu","status":"publish","type":"page","link":"https:\/\/kaivu.fi\/","title":{"rendered":"ETUSIVU"},"content":{"rendered":"<div id=\"cs-content\" class=\"cs-content\"><div id=\"x-section-1\" class=\"x-section\" style=\"margin: 0px;padding: 45px 0px; background-color: transparent;\" ><div id=\"\" class=\"x-container max width\" style=\"margin: 0px auto;padding: 0px;\" ><div  class=\"x-column x-sm x-1-2\" style=\"padding: 0px;\" ><div id=\"\" class=\"x-text\" style=\"\" ><h4>LAATU RAKENTAMISTA KOKO UUDENMAAN ALUEELLA<\/h4>\n<p><strong>Vuodesta 2006 saakka olemme palvelleet asiakkaitamme luotettavasti ja korkeatasoisesti koko Uudenmaan alueella. Meilt\u00e4 saat normien ja ohjeiden mukaisesti toteutetut salaojat ja samalta toimijalta viherty\u00f6t, yhdell\u00e4 kertaa. Olemme erikoistuneet salaoja- ja pihat\u00f6ihin, mutta ota rohkeasti yhteytt\u00e4 muissakin t\u00f6iss\u00e4. Toteutamme pienet ja suuret projektit sovitulla tavalla &#8211; sovitussa ajassa.<\/strong><br \/>\n<a href=\"#yhteystiedot\">Ota yhteytt\u00e4!<\/a><\/p>\n<\/div><\/div><div  class=\"x-column x-sm x-1-2\" style=\"padding: 0px;\" ><img  class=\"x-img x-img-circle\"  src=\"https:\/\/kaivu.fi\/wp-content\/uploads\/2021\/02\/excavator-428504_1920.jpg\" ><\/div><\/div><\/div><div id=\"x-section-2\" class=\"x-section\" style=\"margin: 0px;padding: 45px 0px; background-color: transparent;\" ><div id=\"\" class=\"x-container max width\" style=\"margin: 0px auto;padding: 0px;\" ><div  class=\"x-column x-sm x-1-2\" style=\"padding: 0px;\" ><img  class=\"x-img x-img-circle\"  src=\"https:\/\/kaivu.fi\/wp-content\/uploads\/2017\/01\/salaojat.jpg\" ><\/div><div  class=\"x-column x-sm x-1-2\" style=\"padding: 0px;\" ><div id=\"\" class=\"x-text\" style=\"\" ><h5>SALAOJAREMONTIT<\/h5>\n<p><strong>Laadulla, ei kiireell\u00e4 \u2013 t\u00e4m\u00e4 on l\u00e4ht\u00f6kohtamme ty\u00f6h\u00f6n. Tavoitteemme ei ole saada ty\u00f6t\u00e4 valmiiksi parissa p\u00e4iv\u00e4ss\u00e4, vaan korjata kohteen kosteusongelmat. T\u00e4h\u00e4n p\u00e4\u00e4semme riitt\u00e4vill\u00e4 maamassan vaihdoilla ja tarkalla asennuksella. My\u00f6nn\u00e4mmekin ty\u00f6llemme markkinoiden parhaan 4 vuoden\u00a0 takuun. Meilt\u00e4 l\u00f6ytyy kokemusta erilaisista korjausvaihtoehdoista, joista yhdess\u00e4 valitsemme teille parhaan. Koska jokainen kohde on yksil\u00f6ns\u00e4, niin emme pysty laittamaan t\u00e4h\u00e4n juuri sinun kohteesi hintaa. Mutta jos olet vasta miettim\u00e4ss\u00e4 mit\u00e4 salaojaremontit maksaa, niin voit laittaa meille kohteen mittoja, sijainnin ja kuvia rakennuksen sivustoilta. N\u00e4ill\u00e4 saamme laskettua teille alustavan hinta-arvion. Tai jos olet jo p\u00e4\u00e4tt\u00e4nyt toteuttaa salaojaremontin, niin tulemme mieluusti paikan p\u00e4\u00e4ll\u00e4 k\u00e4ym\u00e4\u00e4n, jonka j\u00e4lkeen saatte kilpailukykyisen tarjouksen kohteestanne.\u00a0 Ota rohkeasti yhteytt\u00e4, lopullinenkin tarjous on aina ilmainen eik\u00e4 sido mihink\u00e4\u00e4n. <\/strong><a href=\"#yhteystiedot\">Ota yhteytt\u00e4!<\/a><\/p>\n<\/div><\/div><\/div><\/div><div id=\"x-section-3\" class=\"x-section\" style=\"margin: 0px;padding: 45px 0px; background-color: transparent;\" ><div id=\"\" class=\"x-container max width\" style=\"margin: 0px auto;padding: 0px;\" ><div  class=\"x-column x-sm x-1-2\" style=\"padding: 0px;\" ><div id=\"\" class=\"x-text\" style=\"\" ><h5>PIHARAKENTEET JA VIHERTY\u00d6T<\/h5>\n<p><strong>Miss\u00e4 muualla kuin omalla terassilla kes\u00e4ilta olisi parhaimmillaan? Toteutamme pihasi multa- ja soraty\u00f6t, kivetykset ja muurit. Rakennamme ammattitaidolla puuterassit, pergolat ja kiintokalusteet ulkotiloihin. Valmistamme tarvittaessa my\u00f6s ponttoonilaiturit toiveiden mukaan. Teemme my\u00f6s valmiiden piharakennusten ja leikkikalusteiden pohjaty\u00f6t ja asennukset. Viimeistele talosi kauniilla pihalla.<\/strong><br \/>\n<a href=\"#yhteystiedot\">Ota yhteytt\u00e4!<\/a><\/p>\n<\/div><\/div><div  class=\"x-column x-sm x-1-2\" style=\"padding: 0px;\" ><img  class=\"x-img x-img-circle\"  src=\"https:\/\/kaivu.fi\/wp-content\/uploads\/2023\/03\/DSC_0623-scaled.jpg\" ><\/div><\/div><\/div><div id=\"x-section-4\" class=\"x-section\" style=\"margin: 0px;padding: 45px 0px; background-color: transparent;\" ><div id=\"\" class=\"x-container max width\" style=\"margin: 0px auto;padding: 0px;\" ><div  class=\"x-column x-sm x-1-2\" style=\"padding: 0px;\" ><img  class=\"x-img x-img-circle\"  src=\"https:\/\/kaivu.fi\/wp-content\/uploads\/2025\/08\/aitakuva2-scaled.jpg\" ><\/div><div  class=\"x-column x-sm x-1-2\" style=\"padding: 0px;\" ><div id=\"\" class=\"x-text\" style=\"\" ><h5>JA PALJON MUUTA<\/h5>\n<p><strong>N\u00e4iden esimerkkien lis\u00e4ksi teemme pumppaamoasennuksia, j\u00e4tevesiasennuksia ja paljon muuta, kysy rohkeasti tarjousta!<\/strong><br \/>\n<a href=\"#yhteystiedot\">Ota yhteytt\u00e4!<\/a><\/p>\n<\/div><\/div><\/div><\/div><div id=\"x-section-5\" class=\"x-section\" style=\"margin: 0px;padding: 45px 0px; background-color: transparent;\" ><div id=\"\" class=\"x-container max width\" style=\"margin: 0px auto;padding: 0px;\" ><div  class=\"x-column x-sm x-1-1\" style=\"padding: 0px;\" ><hr  class=\"x-gap\" style=\"margin: 200px 0 0 0;\"><\/div><\/div><\/div><div id=\"yhteystiedot\" class=\"x-section\" style=\"margin: 0px;padding: 45px 0px; background-color: transparent;\" ><div id=\"\" class=\"x-container max width\" style=\"margin: 0px auto;padding: 0px;\" ><div  class=\"x-column x-sm x-1-2\" style=\"padding: 0px;\" ><div id=\"\" class=\"x-text\" style=\"\" ><h5>Ota yhteytt\u00e4 lomakkeella tai alta l\u00f6ytyvill\u00e4 yhteystiedoilla!<\/h5>\n<p><strong>S\u00e4hk\u00f6posti:<\/strong> <img decoding=\"async\" src=\"https:\/\/kaivu.fi\/wp-content\/uploads\/2017\/01\/s-posti.png\" alt=\"s-posti\" \/><br \/>\n<strong>Puhelin: 044 540 48 39 \/ Kari Kalliorinne<\/strong><\/p>\n<\/div><\/div><div  class=\"x-column x-sm x-1-2\" style=\"padding: 0px;\" ><div id=\"\" class=\"x-text\" style=\"\" ><h5>\n<div class=\"wpcf7 no-js\" id=\"wpcf7-f142-o1\" lang=\"fi\" dir=\"ltr\">\n<div class=\"screen-reader-response\"><p role=\"status\" aria-live=\"polite\" aria-atomic=\"true\"><\/p> <ul><\/ul><\/div>\n<form action=\"\/index.php?rest_route=%2Fwp%2Fv2%2Fpages%2F6#wpcf7-f142-o1\" method=\"post\" class=\"wpcf7-form init\" aria-label=\"Yhteydenottolomake\" novalidate=\"novalidate\" data-status=\"init\">\n<div style=\"display: none;\">\n<input type=\"hidden\" name=\"_wpcf7\" value=\"142\" \/>\n<input type=\"hidden\" name=\"_wpcf7_version\" value=\"5.7.7\" \/>\n<input type=\"hidden\" name=\"_wpcf7_locale\" value=\"fi\" \/>\n<input type=\"hidden\" name=\"_wpcf7_unit_tag\" value=\"wpcf7-f142-o1\" \/>\n<input type=\"hidden\" name=\"_wpcf7_container_post\" value=\"0\" \/>\n<input type=\"hidden\" name=\"_wpcf7_posted_data_hash\" value=\"\" \/>\n<input type=\"hidden\" name=\"_cf7a__timestamp\" value=\"9MRj0e5vAKqDZdbiZTjmPg==\" \/>\n<input type=\"hidden\" name=\"_cf7a_version\" value=\"1.0\" \/>\n<input type=\"hidden\" name=\"_cf7a_address\" value=\"6N2zk5+\/9\/jzimv9mnDe2Q==\" \/>\n<input type=\"hidden\" name=\"_cf7a_referer\" value=\"xlyGXhLHeRxk\/Etz8wYW+w==\" \/>\n<input type=\"hidden\" name=\"_cf7a_protocol\" value=\"FUiEjuYuzK2IbwGqTDhKIg==\" \/>\n<input type=\"hidden\" name=\"_cf7a_bot_fingerprint\" value=\"9MRj0e5vAKqDZdbiZTjmPg==\" \/>\n<input type=\"hidden\" name=\"_cf7a_bot_fingerprint_extras\" value=\"\" \/>\n<input type=\"hidden\" name=\"_cf7a_append_on_submit\" value=\"\" \/>\n<\/div>\n<p><label> Nimi<br \/>\n<span class=\"wpcf7-form-control-wrap\" data-name=\"your-name\"><input type=\"text\" name=\"name\" value=\"\" autocomplete=\"fill\" class=\"fit-the-fullspace\" aria-hidden=\"true\" tabindex=\"-1\" \/><input size=\"40\" class=\"wpcf7-form-control wpcf7-text wpcf7-validates-as-required\" autocomplete=\"name\" aria-required=\"true\" aria-invalid=\"false\" value=\"\" type=\"text\" name=\"your-name\" \/><\/span> <\/label>\n<\/p>\n<p><label> S\u00e4hk\u00f6posti<br \/>\n<span class=\"wpcf7-form-control-wrap\" data-name=\"your-email\"><input size=\"40\" class=\"wpcf7-form-control wpcf7-text wpcf7-email wpcf7-validates-as-required wpcf7-validates-as-email\" autocomplete=\"email\" aria-required=\"true\" aria-invalid=\"false\" value=\"\" type=\"email\" name=\"your-email\" \/><\/span> <\/label>\n<\/p>\n<p><label> Aihe<br \/>\n<span class=\"wpcf7-form-control-wrap\" data-name=\"your-subject\"><input size=\"40\" class=\"wpcf7-form-control wpcf7-text wpcf7-validates-as-required\" aria-required=\"true\" aria-invalid=\"false\" value=\"\" type=\"text\" name=\"your-subject\" \/><input type=\"text\" name=\"address\" value=\"\" autocomplete=\"fill\" class=\"fit-the-fullspace\" aria-hidden=\"true\" tabindex=\"-1\" \/><\/span> <\/label>\n<\/p>\n<p><label> Viestisi<br \/>\n<span class=\"wpcf7-form-control-wrap\" data-name=\"your-message\"><textarea cols=\"40\" rows=\"10\" class=\"wpcf7-form-control wpcf7-textarea\" aria-invalid=\"false\" name=\"your-message\"><\/textarea><\/span> <\/label>\n<\/p>\n<p><input class=\"wpcf7-form-control has-spinner wpcf7-submit\" type=\"submit\" value=\"L\u00e4het\u00e4\" \/>\n<\/p><div class=\"wpcf7-response-output\" aria-hidden=\"true\"><\/div>\n<\/form>\n<\/div>\n<\/h5>\n<\/div><\/div><\/div><\/div><div id=\"x-section-7\" class=\"x-section\" style=\"margin: 0px;padding: 45px 0px; background-color: transparent;\" ><div id=\"\" class=\"x-container max width\" style=\"margin: 0px auto;padding: 0px;\" ><div  class=\"x-column x-sm x-1-1\" style=\"padding: 0px;\" ><hr  class=\"x-gap\" style=\"margin: 250px 0 0 0;\"><\/div><\/div><\/div><div id=\"x-section-8\" class=\"x-section\" style=\"margin: 0px;padding: 45px 0px; background-color: transparent;\" ><div id=\"\" class=\"x-container max width\" style=\"margin: 0px auto;padding: 0px;\" ><div  class=\"x-column x-sm x-1-1\" style=\"padding: 0px;\" >&nbsp;<\/div><\/div><\/div><\/div>\n","protected":false},"excerpt":{"rendered":"","protected":false},"author":1,"featured_media":0,"parent":0,"menu_order":0,"comment_status":"closed","ping_status":"closed","template":"template-blank-5.php","meta":[],"_links":{"self":[{"href":"https:\/\/kaivu.fi\/index.php?rest_route=\/wp\/v2\/pages\/6"}],"collection":[{"href":"https:\/\/kaivu.fi\/index.php?rest_route=\/wp\/v2\/pages"}],"about":[{"href":"https:\/\/kaivu.fi\/index.php?rest_route=\/wp\/v2\/types\/page"}],"author":[{"embeddable":true,"href":"https:\/\/kaivu.fi\/index.php?rest_route=\/wp\/v2\/users\/1"}],"replies":[{"embeddable":true,"href":"https:\/\/kaivu.fi\/index.php?rest_route=%2Fwp%2Fv2%2Fcomments&post=6"}],"version-history":[{"count":76,"href":"https:\/\/kaivu.fi\/index.php?rest_route=\/wp\/v2\/pages\/6\/revisions"}],"predecessor-version":[{"id":159,"href":"https:\/\/kaivu.fi\/index.php?rest_route=\/wp\/v2\/pages\/6\/revisions\/159"}],"wp:attachment":[{"href":"https:\/\/kaivu.fi\/index.php?rest_route=%2Fwp%2Fv2%2Fmedia&parent=6"}],"curies":[{"name":"wp","href":"https:\/\/api.w.org\/{rel}","templated":true}]}}